{"id":2,"date":"2023-03-01T10:15:39","date_gmt":"2023-03-01T10:15:39","guid":{"rendered":"https:\/\/mesivarvas.fi\/?page_id=2"},"modified":"2026-03-13T14:13:56","modified_gmt":"2026-03-13T14:13:56","slug":"mesivarvas","status":"publish","type":"page","link":"https:\/\/mesivarvas.fi\/","title":{"rendered":"Mesivarvas"},"content":{"rendered":"\n<h3 class=\"wp-block-heading\">MESIVARVAS<\/h3>\n\n\n\n<p class=\"has-vivid-cyan-blue-color has-text-color has-link-color has-system-font-font-family wp-elements-3f0490f571dd3aa5c101177dc665e3a7\"><a href=\"https:\/\/tietopalvelu.ytj.fi\/yritys\/3256356-1\" data-type=\"URL\" data-id=\"https:\/\/tietopalvelu.ytj.fi\/yritystiedot.aspx?yavain=3028974&amp;tarkiste=6FB7EF2E4B9A5077FB1494D154481F1A1FDCC4AE\" target=\"_blank\" rel=\"noreferrer noopener\">Mesivarvas Y-tunnus: 3256356-1  <\/a> <\/p>\n\n\n\n<p class=\"has-cyan-bluish-gray-color has-text-color has-medium-font-size\">verkkolaskuosoite: <strong>003732563561<\/strong><br>verkkolaskuoperaattori: &nbsp;Apix Messaging operaattoritunnus:&nbsp;003723327487<br><br>postiosoite: c\/o Teemu Lehto<br>Rauhankatu 7 E 35a<br>00170 Helsinki <br>s\u00e4hk\u00f6posti: mesivarvas\ud83d\udd76leh.to<\/p>\n\n\n\n<p><a href=\"https:\/\/holvi.com\/shop\/mesivarvas\/\" data-type=\"link\" data-id=\"https:\/\/holvi.com\/shop\/mesivarvas\/\">Verkkokauppa Holvissa<\/a><\/p>\n\n\n\n<p class=\"has-cyan-bluish-gray-color has-text-color has-medium-font-size\"><\/p>\n\n\n\n<figure class=\"wp-block-image size-full\"><img loading=\"lazy\" decoding=\"async\" width=\"425\" height=\"497\" src=\"https:\/\/mesivarvas.fi\/wp-content\/uploads\/2024\/10\/Pappa_potkii.p-1.png\" alt=\"\" class=\"wp-image-70\" srcset=\"https:\/\/mesivarvas.fi\/wp-content\/uploads\/2024\/10\/Pappa_potkii.p-1.png 425w, https:\/\/mesivarvas.fi\/wp-content\/uploads\/2024\/10\/Pappa_potkii.p-1-257x300.png 257w\" sizes=\"auto, (max-width: 425px) 100vw, 425px\" \/><\/figure>\n\n\n\n\n\n<p><a href=\"https:\/\/mesivarvas.fi\/mp\/\" data-type=\"link\" data-id=\"https:\/\/mesivarvas.fi\/mp\/\">Maanalaisesta puutarhasta<\/a><\/p>\n\n\n\n<p><a href=\"https:\/\/finnishdream.fi\/\">Finnishdream<\/a><\/p>\n\n\n\n<p><a href=\"https:\/\/tilajakamo.fi\/\">Tilajakamo<\/a><\/p>\n\n\n\n<p><a href=\"https:\/\/lepakkosaatio.fi\/\">Lepakko-s\u00e4\u00e4ti\u00f6<\/a><\/p>\n\n\n\n<p><a href=\"https:\/\/mesivarvas.fi\/Mirkku_ja_Pentti\/huisi_pamaus.html\">Huisi Pamaus 1998<\/a><\/p>\n\n\n\n<p><\/p>\n","protected":false},"excerpt":{"rendered":"<p>MESIVARVAS Mesivarvas Y-tunnus: 3256356-1 verkkolaskuosoite: 003732563561verkkolaskuoperaattori: &nbsp;Apix Messaging operaattoritunnus:&nbsp;003723327487 postiosoite: c\/o Teemu LehtoRauhankatu 7 E 35a00170 Helsinki s\u00e4hk\u00f6posti: mesivarvas\ud83d\udd76leh.to Verkkokauppa Holvissa Maanalaisesta puutarhasta Finnishdream Tilajakamo Lepakko-s\u00e4\u00e4ti\u00f6 Huisi Pamaus 1998<\/p>\n","protected":false},"author":1,"featured_media":10,"parent":0,"menu_order":0,"comment_status":"closed","ping_status":"closed","template":"blank","meta":{"footnotes":""},"class_list":["post-2","page","type-page","status-publish","has-post-thumbnail","hentry"],"_links":{"self":[{"href":"https:\/\/mesivarvas.fi\/index.php?rest_route=\/wp\/v2\/pages\/2","targetHints":{"allow":["GET"]}}],"collection":[{"href":"https:\/\/mesivarvas.fi\/index.php?rest_route=\/wp\/v2\/pages"}],"about":[{"href":"https:\/\/mesivarvas.fi\/index.php?rest_route=\/wp\/v2\/types\/page"}],"author":[{"embeddable":true,"href":"https:\/\/mesivarvas.fi\/index.php?rest_route=\/wp\/v2\/users\/1"}],"replies":[{"embeddable":true,"href":"https:\/\/mesivarvas.fi\/index.php?rest_route=%2Fwp%2Fv2%2Fcomments&post=2"}],"version-history":[{"count":45,"href":"https:\/\/mesivarvas.fi\/index.php?rest_route=\/wp\/v2\/pages\/2\/revisions"}],"predecessor-version":[{"id":85,"href":"https:\/\/mesivarvas.fi\/index.php?rest_route=\/wp\/v2\/pages\/2\/revisions\/85"}],"wp:featuredmedia":[{"embeddable":true,"href":"https:\/\/mesivarvas.fi\/index.php?rest_route=\/wp\/v2\/media\/10"}],"wp:attachment":[{"href":"https:\/\/mesivarvas.fi\/index.php?rest_route=%2Fwp%2Fv2%2Fmedia&parent=2"}],"curies":[{"name":"wp","href":"https:\/\/api.w.org\/{rel}","templated":true}]}}